{"id":87,"date":"2019-01-09T22:53:39","date_gmt":"2019-01-09T22:53:39","guid":{"rendered":"http:\/\/www.birlesimendustri.com.tr\/?page_id=87"},"modified":"2019-01-16T12:55:26","modified_gmt":"2019-01-16T12:55:26","slug":"insan-kaynaklari-politikamiz","status":"publish","type":"page","link":"https:\/\/www.birlesimendustri.com.tr\/?page_id=87","title":{"rendered":"\u0130nsan Kaynaklar\u0131 Politikam\u0131z"},"content":{"rendered":"<p>Faaliyette bulundu\u011fumuz sekt\u00f6rlerde Birle\u015fim End\u00fcstri A. \u015e. ailesi olarak kalite ve ba\u015far\u0131m\u0131z\u0131 daha da yukar\u0131 ta\u015f\u0131mak amac\u0131yla de\u011ferlerimizin en \u00fcst basama\u011f\u0131nda bulunan <strong>\u201c\u00e7al\u0131\u015fan\u0131m\u0131z de\u011ferlidir\u201d<\/strong> anlay\u0131\u015f\u0131n\u0131 benimsemekteyiz.<\/p>\n<p>Bu s\u00fcre\u00e7teki amac\u0131m\u0131z; \u015firket b\u00fcnyemizdeki sinerjiyi koruyacak, motivasyonu y\u00fcksek, tak\u0131m \u00e7al\u0131\u015fmas\u0131 ve ekip ruhu kaynaklar\u0131n\u0131 verimli kullanan, \u00e7al\u0131\u015fmalar\u0131m\u0131z\u0131 ileriye ta\u015f\u0131yacak, kendine ve \u015firketimize de\u011fer katacak etkin insan kayna\u011f\u0131d\u0131r.<\/p>\n<p>Bu ama\u00e7la i\u015fe al\u0131m ilanlar\u0131m\u0131z internet portal\u0131 \u00fczerinden yay\u0131nlan\u0131r. Ayn\u0131 zamanda kurumsal web sitemiz \u00fczerinden g\u00f6nderilen CV\u2019ler de \u00f6zenle de\u011ferlendirmeye al\u0131n\u0131r.<\/p>\n<p>Do\u011fru i\u015fe do\u011fru insan anlay\u0131\u015f\u0131yla \u015firketimizi b\u00fcy\u00fctmeye, nitelikli personel kazand\u0131rmaya ve end\u00fcstri sekt\u00f6r\u00fcne y\u00f6n vermeye devam ediyor olaca\u011f\u0131z.<\/p>\n<div role=\"form\" class=\"wpcf7\" id=\"wpcf7-f89-o1\" lang=\"tr-TR\" dir=\"ltr\">\n<div class=\"screen-reader-response\"><\/div>\n<form action=\"\/index.php?rest_route=%2Fwp%2Fv2%2Fpages%2F87#wpcf7-f89-o1\" method=\"post\" class=\"wpcf7-form\" novalidate=\"novalidate\">\n<div style=\"display: none;\">\n<input type=\"hidden\" name=\"_wpcf7\" value=\"89\" \/>\n<input type=\"hidden\" name=\"_wpcf7_version\" value=\"5.1.1\" \/>\n<input type=\"hidden\" name=\"_wpcf7_locale\" value=\"tr_TR\" \/>\n<input type=\"hidden\" name=\"_wpcf7_unit_tag\" value=\"wpcf7-f89-o1\" \/>\n<input type=\"hidden\" name=\"_wpcf7_container_post\" value=\"0\" \/>\n<input type=\"hidden\" name=\"g-recaptcha-response\" value=\"\" \/>\n<\/div>\n<div class=\"BasvuruFormu\">\n<input type=\"hidden\" value=\"1\" name=\"fpost\" class:form-control><\/p>\n<table width=\"85%\" class=\"gfg\">\n<tbody>\n<tr>\n<td colspan=\"2\">\n<h3><strong>Ki\u015fisel Bilgiler<\/strong><\/h3>\n<\/td>\n<\/tr>\n<tr>\n<td width=\"30%\">Ad\u0131n\u0131z ve Soyad\u0131n\u0131z<\/td>\n<td width=\"70%\">\n<div class=\"iletisim-sagNew \">\n<div class=\"iletisim-sagbg\"><\/div>\n<div class=\"iletisim-ortabg\"> <span class=\"wpcf7-form-control-wrap your-name\"><input type=\"text\" name=\"your-name\" value=\"\" size=\"40\" class=\"wpcf7-form-control wpcf7-text wpcf7-validates-as-required contactinput form-control\" id=\"adiniz\" aria-required=\"true\" aria-invalid=\"false\" \/><\/span><\/div>\n<div class=\"iletisim-solbg\"><\/div>\n<\/div>\n<\/td>\n<\/tr>\n<tr>\n<td>Do\u011fum Tarihi *<\/td>\n<td> <span class=\"wpcf7-form-control-wrap menu-55\"><select name=\"menu-55\" class=\"wpcf7-form-control wpcf7-select form-control inputlist\" id=\"dogumtarihigun\" aria-invalid=\"false\"><option value=\"G\u00fcn\">G\u00fcn<\/option><option value=\"1\">1<\/option><option value=\"2\">2<\/option><option value=\"3\">3<\/option><option value=\"4\">4<\/option><option value=\"5\">5<\/option><option value=\"6\">6<\/option><option value=\"7\">7<\/option><option value=\"8\">8<\/option><option value=\"9\">9<\/option><option value=\"10\">10<\/option><option value=\"11\">11<\/option><option value=\"12\">12<\/option><option value=\"13\">13<\/option><option value=\"14\">14<\/option><option value=\"15\">15<\/option><option value=\"16\">16<\/option><option value=\"17\">17<\/option><option value=\"18\">18<\/option><option value=\"19\">19<\/option><option value=\"20\">20<\/option><option value=\"21\">21<\/option><option value=\"22\">22<\/option><option value=\"23\">23<\/option><option value=\"24\">24<\/option><option value=\"25\">25<\/option><option value=\"26\">26<\/option><option value=\"27\">27<\/option><option value=\"28\">28<\/option><option value=\"29\">29<\/option><option value=\"30\">30<\/option><option value=\"31\">31<\/option><\/select><\/span><span class=\"wpcf7-form-control-wrap menu-214\"><select name=\"menu-214\" class=\"wpcf7-form-control wpcf7-select form-control inputlist\" id=\"dogumtarihiay\" aria-invalid=\"false\"><option value=\"Ay\">Ay<\/option><option value=\"Ocak\">Ocak<\/option><option value=\"\u015eubat\">\u015eubat<\/option><option value=\"Mart\">Mart<\/option><option value=\"Nisan\">Nisan<\/option><option value=\"May\u0131s\">May\u0131s<\/option><option value=\"Haziran\">Haziran<\/option><option value=\"Temmuz\">Temmuz<\/option><option value=\"A\u011fustos\">A\u011fustos<\/option><option value=\"Eyl\u00fcl\">Eyl\u00fcl<\/option><option value=\"Ekim\">Ekim<\/option><option value=\"Kas\u0131m\">Kas\u0131m<\/option><option value=\"Aral\u0131k\">Aral\u0131k<\/option><\/select><\/span><span class=\"wpcf7-form-control-wrap classform-control\"><select name=\"class:form-control\" class=\"wpcf7-form-control wpcf7-select wpcf7-validates-as-required inputlist\" id=\"dogumtarihiyil\" aria-required=\"true\" aria-invalid=\"false\"><option value=\"Y\u0131l\">Y\u0131l<\/option><option value=\"2002\">2002<\/option><option value=\"2001\">2001<\/option><option value=\"2000\">2000<\/option><option value=\"1999\">1999<\/option><option value=\"1998\">1998<\/option><option value=\"1997\">1997<\/option><option value=\"1996\">1996<\/option><option value=\"1995\">1995<\/option><option value=\"1994\">1994<\/option><option value=\"1993\">1993<\/option><option value=\"1992\">1992<\/option><option value=\"1991\">1991<\/option><option value=\"1990\">1990<\/option><option value=\"1989\">1989<\/option><option value=\"1988\">1988<\/option><option value=\"1987\">1987<\/option><option value=\"1986\">1986<\/option><option value=\"1985\">1985<\/option><option value=\"1984\">1984<\/option><option value=\"1983\">1983<\/option><option value=\"1982\">1982<\/option><option value=\"1981\">1981<\/option><option value=\"1980\">1980<\/option><option value=\"1979\">1979<\/option><option value=\"1978\">1978<\/option><option value=\"1977\">1977<\/option><option value=\"1976\">1976<\/option><option value=\"1975\">1975<\/option><option value=\"1974\">1974<\/option><option value=\"1973\">1973<\/option><option value=\"1972\">1972<\/option><option value=\"1971\">1971<\/option><option value=\"1970\">1970<\/option><option value=\"1969\">1969<\/option><option value=\"1968\">1968<\/option><option value=\"1967\">1967<\/option><option value=\"1966\">1966<\/option><option value=\"1965\">1965<\/option><option value=\"1964\">1964<\/option><option value=\"1963\">1963<\/option><option value=\"1962\">1962<\/option><option value=\"1961\">1961<\/option><option value=\"1960\">1960<\/option><option value=\"1959\">1959<\/option><option value=\"1958\">1958<\/option><option value=\"1957\">1957<\/option><option value=\"1956\">1956<\/option><option value=\"1955\">1955<\/option><option value=\"1954\">1954<\/option><option value=\"1953\">1953<\/option><option value=\"1952\">1952<\/option><option value=\"1951\">1951<\/option><option value=\"1950\">1950<\/option><\/select><\/span> <\/td>\n<\/tr>\n<tr>\n<td>Do\u011fum Yeri *<\/td>\n<td>\n<div class=\"iletisim-sagNew \">\n<div class=\"iletisim-sagbg\"><\/div>\n<div class=\"iletisim-ortabg\"> <span class=\"wpcf7-form-control-wrap text-943\"><input type=\"text\" name=\"text-943\" value=\"\" size=\"40\" class=\"wpcf7-form-control wpcf7-text wpcf7-validates-as-required contactinput form-control\" id=\"dogumyeri\" aria-required=\"true\" aria-invalid=\"false\" \/><\/span><\/div>\n<div class=\"iletisim-solbg\"><\/div>\n<\/div>\n<\/td>\n<\/tr>\n<tr>\n<td>Cinsiyet *<\/td>\n<td> <span class=\"wpcf7-form-control-wrap menu-598\"><select name=\"menu-598\" class=\"wpcf7-form-control wpcf7-select wpcf7-validates-as-required inputlist\" id=\"cinsiyet\" aria-required=\"true\" aria-invalid=\"false\"><option value=\"Se\u00e7iniz\">Se\u00e7iniz<\/option><option value=\"Erkek\">Erkek<\/option><option value=\"Kad\u0131n\">Kad\u0131n<\/option><\/select><\/span><\/td>\n<\/tr>\n<tr>\n<td>Medeni Hal *<\/td>\n<td> <span class=\"wpcf7-form-control-wrap menu-525\"><select name=\"menu-525\" class=\"wpcf7-form-control wpcf7-select wpcf7-validates-as-required inputlist\" id=\"medenihal\" aria-required=\"true\" aria-invalid=\"false\"><option value=\"Se\u00e7iniz\">Se\u00e7iniz<\/option><option value=\"Bekar\">Bekar<\/option><option value=\"Evli\">Evli<\/option><\/select><\/span><\/td>\n<\/tr>\n<tr>\n<td>S\u00fcr\u00fcc\u00fc Belgesi (Ehliyet) *<\/td>\n<td>\n<div class=\"iletisim-sagNew \">\n<div class=\"iletisim-sagbg\"><span class=\"wpcf7-form-control-wrap menu-351\"><select name=\"menu-351\" class=\"wpcf7-form-control wpcf7-select\" aria-invalid=\"false\"><option value=\"Se\u00e7iniz\">Se\u00e7iniz<\/option><option value=\"VAR\">VAR<\/option><option value=\"YOK\">YOK<\/option><\/select><\/span><\/div>\n<div class=\"iletisim-ortabg\"><\/div>\n<div class=\"iletisim-solbg\"><\/div>\n<\/div>\n<\/td>\n<\/tr>\n<tr>\n<td>Ehliyet (Tarih ve S\u0131n\u0131f\u0131) *<\/td>\n<td>\n<div class=\"iletisim-sagNew \">\n<div class=\"iletisim-sagbg\"><\/div>\n<div class=\"iletisim-ortabg\"><span class=\"wpcf7-form-control-wrap text-384\"><input type=\"text\" name=\"text-384\" value=\"\" size=\"40\" class=\"wpcf7-form-control wpcf7-text contactinput\" id=\"ehliyet\" aria-invalid=\"false\" \/><\/span><\/div>\n<div class=\"iletisim-solbg\"><\/div>\n<\/div>\n<\/td>\n<\/tr>\n<tr>\n<td>SRC Belgesi *<\/td>\n<td>\n<div class=\"iletisim-sagNew \">\n<div class=\"iletisim-sagbg\"><span class=\"wpcf7-form-control-wrap menu-351\"><select name=\"menu-351\" class=\"wpcf7-form-control wpcf7-select\" aria-invalid=\"false\"><option value=\"Se\u00e7iniz\">Se\u00e7iniz<\/option><option value=\"VAR\">VAR<\/option><option value=\"YOK\">YOK<\/option><\/select><\/span><\/div>\n<div class=\"iletisim-ortabg\"><\/div>\n<div class=\"iletisim-solbg\"><\/div>\n<\/div>\n<\/td>\n<\/tr>\n<td>Askerlik Durumu *<\/td>\n<td> <span class=\"wpcf7-form-control-wrap menu-602\"><select name=\"menu-602\" class=\"wpcf7-form-control wpcf7-select wpcf7-validates-as-required inputlist\" id=\"askerlik\" aria-required=\"true\" aria-invalid=\"false\"><option value=\"Se\u00e7iniz\">Se\u00e7iniz<\/option><option value=\"Yap\u0131ld\u0131\">Yap\u0131ld\u0131<\/option><option value=\"Tecilli\">Tecilli<\/option><option value=\"Muaf\">Muaf<\/option><\/select><\/span><\/td>\n<\/tr>\n<tr>\n<td >Cep Telefonu *<\/td>\n<td>\n<div class=\"iletisim-sagNew \">\n<div class=\"iletisim-sagbg\"><\/div>\n<div class=\"iletisim-ortabg\"><span class=\"wpcf7-form-control-wrap text-623\"><input type=\"text\" name=\"text-623\" value=\"\" size=\"40\" class=\"wpcf7-form-control wpcf7-text wpcf7-validates-as-required contactinput\" id=\"gsm\" aria-required=\"true\" aria-invalid=\"false\" \/><\/span><\/div>\n<div class=\"iletisim-solbg\"><\/div>\n<\/div>\n<\/td>\n<\/tr>\n<tr>\n<td>E-mail *<\/td>\n<td>\n<div class=\"iletisim-sagNew \">\n<div class=\"iletisim-sagbg\"><\/div>\n<div class=\"iletisim-ortabg\"><span class=\"wpcf7-form-control-wrap your-email\"><input type=\"email\" name=\"your-email\" value=\"\" size=\"40\" class=\"wpcf7-form-control wpcf7-text wpcf7-email wpcf7-validates-as-required wpcf7-validates-as-email contactinput\" id=\"email\" aria-required=\"true\" aria-invalid=\"false\" \/><\/span><\/div>\n<div class=\"iletisim-solbg\"><\/div>\n<\/div>\n<\/td>\n<\/tr>\n<tr>\n<td colspan=\"2\">\n<h3><strong>\u00d6\u011frenim Durumu ve Mesleki Bilgiler<\/strong><\/h3>\n<\/td>\n<\/tr>\n<tr>\n<td>\u00d6\u011frenim Durumunuz<\/td>\n<td> <span class=\"wpcf7-form-control-wrap menu-392\"><select name=\"menu-392\" class=\"wpcf7-form-control wpcf7-select wpcf7-validates-as-required inputlist\" id=\"ogrenimdurum\" aria-required=\"true\" aria-invalid=\"false\"><option value=\"Se\u00e7iniz\">Se\u00e7iniz<\/option><option value=\"\u0130lkokul\">\u0130lkokul<\/option><option value=\"Ortaokul\">Ortaokul<\/option><option value=\"Lise\">Lise<\/option><option value=\"Y\u00fcksek Okul\">Y\u00fcksek Okul<\/option><option value=\"Lisans\">Lisans<\/option><option value=\"Y\u00fcksek Lisans\">Y\u00fcksek Lisans<\/option><option value=\"Doktora\">Doktora<\/option><\/select><\/span> <\/td>\n<\/tr>\n<tr>\n<td>En Son Bitirdi\u011finiz Okulun Ad\u0131<\/td>\n<td>\n<div class=\"iletisim-sagNew \">\n<div class=\"iletisim-sagbg\"><\/div>\n<div class=\"iletisim-ortabg\"><span class=\"wpcf7-form-control-wrap text-479\"><input type=\"text\" name=\"text-479\" value=\"\" size=\"40\" class=\"wpcf7-form-control wpcf7-text contactinput\" id=\"ensonbitenokul\" aria-invalid=\"false\" \/><\/span><\/div>\n<div class=\"iletisim-solbg\"><\/div>\n<\/div>\n<\/td>\n<\/tr>\n<tr>\n<td>Mesle\u011finiz<\/td>\n<td>\n<div class=\"iletisim-sagNew \">\n<div class=\"iletisim-sagbg\"><\/div>\n<div class=\"iletisim-ortabg\"><span class=\"wpcf7-form-control-wrap text-708\"><input type=\"text\" name=\"text-708\" value=\"\" size=\"40\" class=\"wpcf7-form-control wpcf7-text contactinput\" id=\"mesleginiz\" aria-invalid=\"false\" \/><\/span><\/div>\n<div class=\"iletisim-solbg\"><\/div>\n<\/div>\n<\/td>\n<\/tr>\n<tr>\n<td>Yabanc\u0131 Dil *<\/td>\n<td>\n<div class=\"iletisim-sagNew \">\n<div class=\"iletisim-sagbg\"><span class=\"wpcf7-form-control-wrap menu-351\"><select name=\"menu-351\" class=\"wpcf7-form-control wpcf7-select\" aria-invalid=\"false\"><option value=\"Se\u00e7iniz\">Se\u00e7iniz<\/option><option value=\"VAR\">VAR<\/option><option value=\"YOK\">YOK<\/option><\/select><\/span><\/div>\n<div class=\"iletisim-ortabg\"><\/div>\n<div class=\"iletisim-solbg\"><\/div>\n<\/div>\n<\/td>\n<\/tr>\n<tr>\n<td>Bildi\u011finiz Yabanc\u0131 Diller *<\/td>\n<td>\n<div class=\"iletisim-sagNew \">\n<div class=\"iletisim-sagbg\"><span class=\"wpcf7-form-control-wrap menu-806\"><select name=\"menu-806\" class=\"wpcf7-form-control wpcf7-select\" aria-invalid=\"false\"><option value=\"Se\u00e7iniz\">Se\u00e7iniz<\/option><option value=\"\u0130NG\u0130L\u0130ZCE\">\u0130NG\u0130L\u0130ZCE<\/option><option value=\"ALMANCA\">ALMANCA<\/option><option value=\"FRANSIZCA\">FRANSIZCA<\/option><option value=\"RUS\u00c7A\">RUS\u00c7A<\/option><option value=\"\u00c7\u0130NCE\">\u00c7\u0130NCE<\/option><option value=\"ARAP\u00c7A\">ARAP\u00c7A<\/option><option value=\"D\u0130\u011eER\">D\u0130\u011eER<\/option><\/select><\/span><\/div>\n<div class=\"iletisim-ortabg\"><\/div>\n<div class=\"iletisim-solbg\"><\/div>\n<\/div>\n<\/td>\n<\/tr>\n<tr>\n<tr>\n<td>Ba\u015fvurdu\u011funuz Departman <\/td>\n<td>\n<div class=\"iletisim-sagNew \">\n<div class=\"iletisim-sagbg\"><\/div>\n<div class=\"iletisim-ortabg\"><span class=\"wpcf7-form-control-wrap text-369\"><input type=\"text\" name=\"text-369\" value=\"\" size=\"40\" class=\"wpcf7-form-control wpcf7-text contactinput\" id=\"calismakistenilenbolum\" aria-invalid=\"false\" \/><\/span><\/div>\n<div class=\"iletisim-solbg\"><\/div>\n<\/div>\n<\/td>\n<\/tr>\n<tr>\n<td>Ba\u015flayabilece\u011finiz Tarih <\/td>\n<td>\n<div class=\"iletisim-sagaNew \">\n<div class=\"iletisim-sagbg\"><\/div>\n<div class=\"iletisim-ortabg\"><span class=\"wpcf7-form-control-wrap text-0\"><input type=\"text\" name=\"text-0\" value=\"\" size=\"40\" class=\"wpcf7-form-control wpcf7-text contactinput\" id=\"baslangictarihi\" aria-invalid=\"false\" \/><\/span><\/div>\n<div class=\"iletisim-solbg\"><\/div>\n<\/div>\n<\/td>\n<\/tr>\n<tr>\n<td>\u00dccret Beklentiniz <\/td>\n<td>\n<div class=\"iletisim-sagaNew \">\n<div class=\"iletisim-sagbg\"><\/div>\n<div class=\"iletisim-ortabg\"><span class=\"wpcf7-form-control-wrap text-111\"><input type=\"text\" name=\"text-111\" value=\"\" size=\"40\" class=\"wpcf7-form-control wpcf7-text contactinput\" id=\"baslangictarihi\" aria-invalid=\"false\" \/><\/span><\/div>\n<div class=\"iletisim-solbg\"><\/div>\n<\/div>\n<\/td>\n<\/tr>\n<tr>\n<td colspan=\"2\">\n<h3><strong>\u0130\u015f Deneyimleriniz<\/strong><\/h3>\n<\/td>\n<\/tr>\n<tr>\n<td>Son \u00c7al\u0131\u015ft\u0131\u011f\u0131n\u0131z \u015eirketin Ad\u0131<\/td>\n<td>\n<div class=\"iletisim-sagNew \">\n<div class=\"iletisim-sagbg\"><\/div>\n<div class=\"iletisim-ortabg\"><span class=\"wpcf7-form-control-wrap text-145\"><input type=\"text\" name=\"text-145\" value=\"\" size=\"40\" class=\"wpcf7-form-control wpcf7-text contactinput\" id=\"isyeriadi\" aria-invalid=\"false\" \/><\/span><\/div>\n<div class=\"iletisim-solbg\"><\/div>\n<\/div>\n<\/td>\n<\/tr>\n<tr>\n<td>G\u00f6reviniz<\/td>\n<td>\n<div class=\"iletisim-sagNew \">\n<div class=\"iletisim-sagbg\"><\/div>\n<div class=\"iletisim-ortabg\"><span class=\"wpcf7-form-control-wrap text-222\"><input type=\"text\" name=\"text-222\" value=\"\" size=\"40\" class=\"wpcf7-form-control wpcf7-text contactinput\" id=\"gorevi\" aria-invalid=\"false\" \/><\/span><\/div>\n<div class=\"iletisim-solbg\"><\/div>\n<\/div>\n<\/td>\n<\/tr>\n<tr>\n<td>\u00c7al\u0131\u015fma S\u00fcresi<\/td>\n<td>\n<div class=\"iletisim-sagNew \">\n<div class=\"iletisim-sagbg\"><\/div>\n<div class=\"iletisim-ortabg\"><span class=\"wpcf7-form-control-wrap text-491\"><input type=\"text\" name=\"text-491\" value=\"\" size=\"40\" class=\"wpcf7-form-control wpcf7-text contactinput\" id=\"calismadonemi\" aria-invalid=\"false\" \/><\/span><\/div>\n<div class=\"iletisim-solbg\"><\/div>\n<\/div>\n<\/td>\n<\/tr>\n<tr>\n<td>Toplam \u00c7al\u0131\u015fma S\u00fcresi<\/td>\n<td>\n<div class=\"iletisim-sagNew \">\n<div class=\"iletisim-sagbg\"><\/div>\n<div class=\"iletisim-ortabg\"><span class=\"wpcf7-form-control-wrap text-491\"><input type=\"text\" name=\"text-491\" value=\"\" size=\"40\" class=\"wpcf7-form-control wpcf7-text contactinput\" id=\"calismadonemi\" aria-invalid=\"false\" \/><\/span><\/div>\n<div class=\"iletisim-solbg\"><\/div>\n<\/div>\n<\/td>\n<\/tr>\n<tr>\n<td>Ayr\u0131lma Nedeni<\/td>\n<td>\n<div class=\"iletisim-sagNew \">\n<div class=\"iletisim-sagbg\"><\/div>\n<div class=\"iletisim-ortabg\"><span class=\"wpcf7-form-control-wrap text-650\"><input type=\"text\" name=\"text-650\" value=\"\" size=\"40\" class=\"wpcf7-form-control wpcf7-text contactinput\" id=\"ayrilisnedeni\" aria-invalid=\"false\" \/><\/span><\/div>\n<div class=\"iletisim-solbg\"><\/div>\n<\/div>\n<\/td>\n<\/tr>\n<tr>\n<td colspan=\"2\">\n<h3><strong>Referans 1 <\/strong><\/h3>\n<\/td>\n<\/tr>\n<tr>\n<td>Ad\u0131 ve Soyad\u0131<\/td>\n<td>\n<div class=\"iletisim-sagNew \">\n<div class=\"iletisim-sagbg\"><\/div>\n<div class=\"iletisim-ortabg\"><span class=\"wpcf7-form-control-wrap text-733\"><input type=\"text\" name=\"text-733\" value=\"\" size=\"40\" class=\"wpcf7-form-control wpcf7-text contactinput\" id=\"refadsoyad\" aria-invalid=\"false\" \/><\/span><\/div>\n<div class=\"iletisim-solbg\"><\/div>\n<\/div>\n<\/td>\n<\/tr>\n<tr>\n<td>Telefonu<\/td>\n<td>\n<div class=\"iletisim-sagNew \">\n<div class=\"iletisim-sagbg\"><\/div>\n<div class=\"iletisim-ortabg\"><span class=\"wpcf7-form-control-wrap text-726\"><input type=\"text\" name=\"text-726\" value=\"\" size=\"40\" class=\"wpcf7-form-control wpcf7-text contactinput\" id=\"reftel\" aria-invalid=\"false\" \/><\/span><\/div>\n<div class=\"iletisim-solbg\"><\/div>\n<\/div>\n<\/td>\n<\/tr>\n<tr>\n<td>G\u00f6revi<\/td>\n<td>\n<div class=\"iletisim-sagNew \">\n<div class=\"iletisim-sagbg\"><\/div>\n<div class=\"iletisim-ortabg\"><span class=\"wpcf7-form-control-wrap text-820\"><input type=\"text\" name=\"text-820\" value=\"\" size=\"40\" class=\"wpcf7-form-control wpcf7-text contactinput\" id=\"refgorevi\" aria-invalid=\"false\" \/><\/span><\/div>\n<div class=\"iletisim-solbg\"><\/div>\n<\/div>\n<\/td>\n<\/tr>\n<p><\/br><br \/>\n<\/br><br \/>\n<\/br><\/p>\n<tr>\n<td colspan=\"2\">\n<h3><strong>Referans 2 <\/strong><\/h3>\n<\/td>\n<\/tr>\n<tr>\n<td>Ad\u0131 ve Soyad\u0131<\/td>\n<td>\n<div class=\"iletisim-sagNew \">\n<div class=\"iletisim-sagbg\"><\/div>\n<div class=\"iletisim-ortabg\"><span class=\"wpcf7-form-control-wrap text-733\"><input type=\"text\" name=\"text-733\" value=\"\" size=\"40\" class=\"wpcf7-form-control wpcf7-text contactinput\" id=\"refadsoyad\" aria-invalid=\"false\" \/><\/span><\/div>\n<div class=\"iletisim-solbg\"><\/div>\n<\/div>\n<\/td>\n<\/tr>\n<tr>\n<td>Telefonu<\/td>\n<td>\n<div class=\"iletisim-sagNew \">\n<div class=\"iletisim-sagbg\"><\/div>\n<div class=\"iletisim-ortabg\"><span class=\"wpcf7-form-control-wrap text-726\"><input type=\"text\" name=\"text-726\" value=\"\" size=\"40\" class=\"wpcf7-form-control wpcf7-text contactinput\" id=\"reftel\" aria-invalid=\"false\" \/><\/span><\/div>\n<div class=\"iletisim-solbg\"><\/div>\n<\/div>\n<\/td>\n<\/tr>\n<tr>\n<td>G\u00f6revi<\/td>\n<td>\n<div class=\"iletisim-sagNew \">\n<div class=\"iletisim-sagbg\"><\/div>\n<div class=\"iletisim-ortabg\"><span class=\"wpcf7-form-control-wrap text-820\"><input type=\"text\" name=\"text-820\" value=\"\" size=\"40\" class=\"wpcf7-form-control wpcf7-text contactinput\" id=\"refgorevi\" aria-invalid=\"false\" \/><\/span><\/div>\n<div class=\"iletisim-solbg\"><\/div>\n<\/div>\n<\/td>\n<\/tr>\n<\/tbody>\n<\/table>\n<div class=\"iletisim-gonder\"> <input type=\"submit\" value=\"G\u00f6nder\" class=\"wpcf7-form-control wpcf7-submit\" \/> <\/div>\n<\/div>\n<div class=\"wpcf7-response-output wpcf7-display-none\"><\/div><\/form><\/div>\n","protected":false},"excerpt":{"rendered":"<p>Faaliyette bulundu\u011fumuz sekt\u00f6rlerde Birle\u015fim End\u00fcstri A. \u015e. ailesi olarak kalite ve ba\u015far\u0131m\u0131z\u0131 daha da yukar\u0131 ta\u015f\u0131mak amac\u0131yla de\u011ferlerimizin en \u00fcst basama\u011f\u0131nda bulunan \u201c\u00e7al\u0131\u015fan\u0131m\u0131z de\u011ferlidir\u201d anlay\u0131\u015f\u0131n\u0131 benimsemekteyiz. Bu s\u00fcre\u00e7teki amac\u0131m\u0131z; \u015firket b\u00fcnyemizdeki sinerjiyi koruyacak, motivasyonu y\u00fcksek, tak\u0131m \u00e7al\u0131\u015fmas\u0131 ve ekip ruhu kaynaklar\u0131n\u0131 verimli kullanan, \u00e7al\u0131\u015fmalar\u0131m\u0131z\u0131 ileriye ta\u015f\u0131yacak, kendine ve \u015firketimize de\u011fer katacak etkin insan kayna\u011f\u0131d\u0131r. Bu [&hellip;]<\/p>\n","protected":false},"author":1,"featured_media":0,"parent":15,"menu_order":6,"comment_status":"closed","ping_status":"closed","template":"","meta":[],"_links":{"self":[{"href":"https:\/\/www.birlesimendustri.com.tr\/index.php?rest_route=\/wp\/v2\/pages\/87"}],"collection":[{"href":"https:\/\/www.birlesimendustri.com.tr\/index.php?rest_route=\/wp\/v2\/pages"}],"about":[{"href":"https:\/\/www.birlesimendustri.com.tr\/index.php?rest_route=\/wp\/v2\/types\/page"}],"author":[{"embeddable":true,"href":"https:\/\/www.birlesimendustri.com.tr\/index.php?rest_route=\/wp\/v2\/users\/1"}],"replies":[{"embeddable":true,"href":"https:\/\/www.birlesimendustri.com.tr\/index.php?rest_route=%2Fwp%2Fv2%2Fcomments&post=87"}],"version-history":[{"count":7,"href":"https:\/\/www.birlesimendustri.com.tr\/index.php?rest_route=\/wp\/v2\/pages\/87\/revisions"}],"predecessor-version":[{"id":375,"href":"https:\/\/www.birlesimendustri.com.tr\/index.php?rest_route=\/wp\/v2\/pages\/87\/revisions\/375"}],"up":[{"embeddable":true,"href":"https:\/\/www.birlesimendustri.com.tr\/index.php?rest_route=\/wp\/v2\/pages\/15"}],"wp:attachment":[{"href":"https:\/\/www.birlesimendustri.com.tr\/index.php?rest_route=%2Fwp%2Fv2%2Fmedia&parent=87"}],"curies":[{"name":"wp","href":"https:\/\/api.w.org\/{rel}","templated":true}]}}