{"id":64,"date":"2019-01-09T22:29:23","date_gmt":"2019-01-09T22:29:23","guid":{"rendered":"http:\/\/www.birlesimendustri.com.tr\/?page_id=64"},"modified":"2021-10-24T16:13:43","modified_gmt":"2021-10-24T16:13:43","slug":"temsilciliklerimiz","status":"publish","type":"page","link":"https:\/\/www.birlesimendustri.com.tr\/?page_id=64","title":{"rendered":"Markalar\u0131m\u0131z"},"content":{"rendered":"<p><strong>Distrib\u00fct\u00f6rl\u00fc\u011f\u00fcn\u00fc<\/strong> yapt\u0131\u011f\u0131m\u0131z markalar.<\/p>\n<p><strong>\u00a0\u00a0<\/strong><\/p>\n","protected":false},"excerpt":{"rendered":"<p>Distrib\u00fct\u00f6rl\u00fc\u011f\u00fcn\u00fc yapt\u0131\u011f\u0131m\u0131z markalar. \u00a0\u00a0<\/p>\n","protected":false},"author":1,"featured_media":0,"parent":0,"menu_order":11,"comment_status":"closed","ping_status":"closed","template":"","meta":[],"_links":{"self":[{"href":"https:\/\/www.birlesimendustri.com.tr\/index.php?rest_route=\/wp\/v2\/pages\/64"}],"collection":[{"href":"https:\/\/www.birlesimendustri.com.tr\/index.php?rest_route=\/wp\/v2\/pages"}],"about":[{"href":"https:\/\/www.birlesimendustri.com.tr\/index.php?rest_route=\/wp\/v2\/types\/page"}],"author":[{"embeddable":true,"href":"https:\/\/www.birlesimendustri.com.tr\/index.php?rest_route=\/wp\/v2\/users\/1"}],"replies":[{"embeddable":true,"href":"https:\/\/www.birlesimendustri.com.tr\/index.php?rest_route=%2Fwp%2Fv2%2Fcomments&post=64"}],"version-history":[{"count":41,"href":"https:\/\/www.birlesimendustri.com.tr\/index.php?rest_route=\/wp\/v2\/pages\/64\/revisions"}],"predecessor-version":[{"id":467,"href":"https:\/\/www.birlesimendustri.com.tr\/index.php?rest_route=\/wp\/v2\/pages\/64\/revisions\/467"}],"wp:attachment":[{"href":"https:\/\/www.birlesimendustri.com.tr\/index.php?rest_route=%2Fwp%2Fv2%2Fmedia&parent=64"}],"curies":[{"name":"wp","href":"https:\/\/api.w.org\/{rel}","templated":true}]}}