{"id":62,"date":"2019-01-09T22:22:26","date_gmt":"2019-01-09T22:22:26","guid":{"rendered":"http:\/\/www.birlesimendustri.com.tr\/?page_id=62"},"modified":"2019-01-16T13:57:47","modified_gmt":"2019-01-16T13:57:47","slug":"neden-birlesim-endustri","status":"publish","type":"page","link":"https:\/\/www.birlesimendustri.com.tr\/?page_id=62","title":{"rendered":"Neden Birle\u015fim End\u00fcstri ?"},"content":{"rendered":"<p>Lojistik kapasitemiz ve \u00e7\u00f6z\u00fcm odakl\u0131 duru\u015fumuz ile T\u00fcrkiye&#8217;nin her yerine, sorunsuz ve h\u0131zl\u0131 ula\u015f\u0131m sa\u011flayan lojistik alt yap\u0131s\u0131na sahibiz. Farkl\u0131 lokasyonlarda bulunan depolama alanlar\u0131m\u0131zla partnerlerimiz i\u00e7in her zaman kal\u0131c\u0131 \u00e7\u00f6z\u00fcmler yaratma politikas\u0131nday\u0131z. Teslimatlar\u0131m\u0131z\u0131n h\u0131z\u0131n\u0131 artt\u0131rmak i\u00e7in g\u00fcnl\u00fck belirli saatlerde d\u00fczenli \u00e7\u0131kan servis a\u011f\u0131m\u0131zla sekt\u00f6r\u00fcm\u00fcze ciddi oranda katma de\u011fer sa\u011fl\u0131yoruz. Do\u011fru i\u015f, do\u011fru zaman, do\u011fru \u00e7al\u0131\u015fan anlay\u0131\u015f\u0131yla partnerlerimizin sorunlar\u0131na h\u0131zl\u0131 \u00e7\u00f6z\u00fcmler \u00fcretebilmek ad\u0131na etkin stok y\u00f6netimini benimsiyoruz.<\/p>\n<p>Size Neler Kazand\u0131r\u0131yoruz?<\/p>\n<p>&#8211; M\u00fcmk\u00fcn olan en h\u0131zl\u0131 s\u00fcrede \u00fcr\u00fcn teslim avantaj\u0131,<\/p>\n<p>&#8211; Her g\u00fcn planlanm\u0131\u015f d\u00fczenli sevkiyat saatleriyle, sipari\u015flerinizin beklenilen zamanda ula\u015fmas\u0131 avantaj\u0131,<\/p>\n<p>&#8211; Teslimat kaynakl\u0131 \u015fikayetlerinizin azalmas\u0131, memnuniyetinizin artmas\u0131 avantaj\u0131,<\/p>\n<p>&#8211; \u00dcretim h\u0131z\u0131n\u0131z\u0131n ve verimlili\u011finizin artmas\u0131 avantaj\u0131,<\/p>\n<p>&#8211; Acil taleplerinize 7\/24 cevap bulma avantaj\u0131,<\/p>\n<p>&#8211; Konusunda tecr\u00fcbeli ve pozitif tak\u0131m arkada\u015flar\u0131m\u0131zla \u00e7al\u0131\u015fma avantaj\u0131,<\/p>\n<p>&#8211; Yak\u0131nl\u0131\u011f\u0131ndan dolay\u0131, tedarik\u00e7inizi yerinde ziyaret edebilme avantaj\u0131,<\/p>\n","protected":false},"excerpt":{"rendered":"<p>Lojistik kapasitemiz ve \u00e7\u00f6z\u00fcm odakl\u0131 duru\u015fumuz ile T\u00fcrkiye&#8217;nin her yerine, sorunsuz ve h\u0131zl\u0131 ula\u015f\u0131m sa\u011flayan lojistik alt yap\u0131s\u0131na sahibiz. Farkl\u0131 lokasyonlarda bulunan depolama alanlar\u0131m\u0131zla partnerlerimiz i\u00e7in her zaman kal\u0131c\u0131 \u00e7\u00f6z\u00fcmler yaratma politikas\u0131nday\u0131z. Teslimatlar\u0131m\u0131z\u0131n h\u0131z\u0131n\u0131 artt\u0131rmak i\u00e7in g\u00fcnl\u00fck belirli saatlerde d\u00fczenli \u00e7\u0131kan servis a\u011f\u0131m\u0131zla sekt\u00f6r\u00fcm\u00fcze ciddi oranda katma de\u011fer sa\u011fl\u0131yoruz. Do\u011fru i\u015f, do\u011fru zaman, do\u011fru \u00e7al\u0131\u015fan [&hellip;]<\/p>\n","protected":false},"author":1,"featured_media":0,"parent":0,"menu_order":10,"comment_status":"closed","ping_status":"closed","template":"","meta":[],"_links":{"self":[{"href":"https:\/\/www.birlesimendustri.com.tr\/index.php?rest_route=\/wp\/v2\/pages\/62"}],"collection":[{"href":"https:\/\/www.birlesimendustri.com.tr\/index.php?rest_route=\/wp\/v2\/pages"}],"about":[{"href":"https:\/\/www.birlesimendustri.com.tr\/index.php?rest_route=\/wp\/v2\/types\/page"}],"author":[{"embeddable":true,"href":"https:\/\/www.birlesimendustri.com.tr\/index.php?rest_route=\/wp\/v2\/users\/1"}],"replies":[{"embeddable":true,"href":"https:\/\/www.birlesimendustri.com.tr\/index.php?rest_route=%2Fwp%2Fv2%2Fcomments&post=62"}],"version-history":[{"count":6,"href":"https:\/\/www.birlesimendustri.com.tr\/index.php?rest_route=\/wp\/v2\/pages\/62\/revisions"}],"predecessor-version":[{"id":378,"href":"https:\/\/www.birlesimendustri.com.tr\/index.php?rest_route=\/wp\/v2\/pages\/62\/revisions\/378"}],"wp:attachment":[{"href":"https:\/\/www.birlesimendustri.com.tr\/index.php?rest_route=%2Fwp%2Fv2%2Fmedia&parent=62"}],"curies":[{"name":"wp","href":"https:\/\/api.w.org\/{rel}","templated":true}]}}