{"id":26,"date":"2018-12-21T09:27:49","date_gmt":"2018-12-21T09:27:49","guid":{"rendered":"http:\/\/www.birlesimendustri.com.tr\/?page_id=26"},"modified":"2021-02-26T14:13:51","modified_gmt":"2021-02-26T14:13:51","slug":"iletisim","status":"publish","type":"page","link":"https:\/\/www.birlesimendustri.com.tr\/?page_id=26","title":{"rendered":"\u0130LET\u0130\u015e\u0130M"},"content":{"rendered":"<div class=\"row\">\n<div class=\"col-md-6\">\n<p><iframe loading=\"lazy\" style=\"border: 0;\" src=\"https:\/\/www.google.com\/maps\/embed?pb=!1m18!1m12!1m3!1d2998.031225216924!2d27.98327021574078!3d41.28642487927351!2m3!1f0!2f0!3f0!3m2!1i1024!2i768!4f13.1!3m3!1m2!1s0x14b5263a5709e1c5%3A0xe315094875e5bd2d!2zWcSxbGTEsXLEsW0gQmV5YXrEsXQgTWFoYWxsZXNpLCBCYXJiYXJvcyBDZC4gTm86NjQsIDU5NTAwIMOHZXJrZXprw7Z5L1Rla2lyZGHEnw!5e0!3m2!1str!2str!4v1545384580839\" width=\"100%\" height=\"400\" frameborder=\"0\" allowfullscreen=\"allowfullscreen\"><\/iframe><\/p>\n<p><strong>\u00c7ERKEZK\u00d6Y<\/strong><br \/>\nY\u0131ld\u0131r\u0131m Beyaz\u0131t Mahallesi<br \/>\nBarbaros Caddesi No:64<br \/>\n\u00c7ERKEZK\u00d6Y \/ TEK\u0130RDA\u011e<\/p>\n<p><strong>Tel:\u00a0<\/strong>0282 725 1 444<br \/>\n<strong>Faks:<\/strong>0282 725 11 17<br \/>\n<a href=\"mailto:info@birlesimendustri.com.tr\">info@birlesimendustri.com.tr<\/a><\/p>\n<\/div>\n<div class=\"col-md-6\">\n<p><iframe loading=\"lazy\" style=\"border: 0;\" src=\"https:\/\/www.google.com\/maps\/embed?pb=!1m18!1m12!1m3!1d3019.255841961617!2d29.42997831579378!3d40.82234377932002!2m3!1f0!2f0!3f0!3m2!1i1024!2i768!4f13.1!3m3!1m2!1s0x14cb20ba819813ff%3A0xf28fe33c52fdaa8!2sGaziler+Mahallesi%2C+%C4%B0brahim+A%C4%9Fa+Cd.+No%3A253%2C+41400+Gebze%2FKocaeli!5e0!3m2!1str!2str!4v1547111463537\" width=\"100%\" height=\"400\" frameborder=\"0\" allowfullscreen=\"allowfullscreen\"><\/iframe><\/p>\n<p><strong>GEBZE<br \/>\n<\/strong>Gaziler Mh. \u0130brahim A\u011fa Cad. No:253\/A<br \/>\nGEBZE \/ KOCAEL\u0130<\/p>\n<p><strong>Tel:<\/strong> 0262 644 07 53<br \/>\n<strong>Faks:<\/strong> 0262 644 04 77<br \/>\n<a href=\"mailto:info@birlesimendustri.com.tr\">info@birlesimendustri.com.tr<\/a><\/p>\n<\/div>\n<\/div>\n<div class=\"row\">\n<div class=\"col-md-6\">\n<p><iframe loading=\"lazy\" style=\"border: 0;\" src=\"https:\/\/www.google.com\/maps\/embed?pb=!1m14!1m8!1m3!1d3007.842195907481!2d28.80213532279925!3d41.07244193083558!3m2!1i1024!2i768!4f13.1!3m3!1m2!1s0x0%3A0x9e12730b8c73a1a8!2sV%C4%B0P+PLAZA!5e0!3m2!1str!2str!4v1554385107810!5m2!1str!2str\" width=\"100%\" height=\"400\" frameborder=\"0\" allowfullscreen=\"allowfullscreen\"><\/iframe><\/p>\n<p><strong>\u0130K\u0130TELL\u0130<br \/>\n<\/strong>\u0130kitelli Organize Sanayi B\u00f6lgesi Bedrettin Dalan Bulvar\u0131 \u00dczeri V\u0130P Plaza No:9 \u0130kitelli BA\u015eAK\u015eEH\u0130R \/ \u0130STANBUL<\/p>\n<p><strong>Tel:<\/strong> 0212 448 48 48 (pbx)<br \/>\n<strong>Faks:<\/strong> 0212 448 48 45 (fax)<br \/>\n<a href=\"mailto:info@birlesimendustri.com.tr\">info@birlesimendustri.com.tr<\/a><\/p>\n<\/div>\n<div class=\"col-md-6\">\n<p><iframe loading=\"lazy\" style=\"border: 0;\" tabindex=\"0\" src=\"https:\/\/www.google.com\/maps\/embed?pb=!1m18!1m12!1m3!1d3022.5813320124057!2d30.41167351540608!3d40.74923707932778!2m3!1f0!2f0!3f0!3m2!1i1024!2i768!4f13.1!3m3!1m2!1s0x0%3A0x0!2zNDDCsDQ0JzU3LjMiTiAzMMKwMjQnNDkuOSJF!5e0!3m2!1str!2str!4v1609943183720!5m2!1str!2str\" width=\"100%\" height=\"400\" frameborder=\"0\" allowfullscreen=\"allowfullscreen\" aria-hidden=\"false\"><\/iframe><\/p>\n<p><strong>SAKARYA<br \/>\n<\/strong>Murat So\u011fanc\u0131o\u011flu Caddesi. Erenler Mahallesi. No: 8 ERENLER\/ SAKARYA<\/p>\n<p><strong>Tel:<\/strong> 0850 777 27 76 (pbx)<br \/>\n<strong>Faks:<\/strong> 0850 777 27 75 (fax)<br \/>\n<a href=\"mailto:info@birlesimendustri.com.tr\">info@birlesimendustri.com.tr<\/a><\/p>\n<\/div>\n<\/div>\n<div role=\"form\" class=\"wpcf7\" id=\"wpcf7-f25-o1\" lang=\"tr-TR\" dir=\"ltr\">\n<div class=\"screen-reader-response\"><\/div>\n<form action=\"\/index.php?rest_route=%2Fwp%2Fv2%2Fpages%2F26#wpcf7-f25-o1\" method=\"post\" class=\"wpcf7-form\" novalidate=\"novalidate\">\n<div style=\"display: none;\">\n<input type=\"hidden\" name=\"_wpcf7\" value=\"25\" \/>\n<input type=\"hidden\" name=\"_wpcf7_version\" value=\"5.1.1\" \/>\n<input type=\"hidden\" name=\"_wpcf7_locale\" value=\"tr_TR\" \/>\n<input type=\"hidden\" name=\"_wpcf7_unit_tag\" value=\"wpcf7-f25-o1\" \/>\n<input type=\"hidden\" name=\"_wpcf7_container_post\" value=\"0\" \/>\n<input type=\"hidden\" name=\"g-recaptcha-response\" value=\"\" \/>\n<\/div>\n<p><label> Ad Soyad (*)<br \/>\n    <span class=\"wpcf7-form-control-wrap your-name\"><input type=\"text\" name=\"your-name\" value=\"\" size=\"40\" class=\"wpcf7-form-control wpcf7-text wpcf7-validates-as-required\" aria-required=\"true\" aria-invalid=\"false\" \/><\/span> <\/label><\/p>\n<p><label> E-posta adresiniz (*)<br \/>\n    <span class=\"wpcf7-form-control-wrap your-email\"><input type=\"email\" name=\"your-email\" value=\"\" size=\"40\" class=\"wpcf7-form-control wpcf7-text wpcf7-email wpcf7-validates-as-required wpcf7-validates-as-email\" aria-required=\"true\" aria-invalid=\"false\" \/><\/span> <\/label><br \/>\n<label> Telefon (*)<br \/>\n    <span class=\"wpcf7-form-control-wrap telefon\"><input type=\"text\" name=\"telefon\" value=\"\" size=\"40\" class=\"wpcf7-form-control wpcf7-text wpcf7-validates-as-required\" aria-required=\"true\" aria-invalid=\"false\" \/><\/span> <\/label><\/p>\n<p><label> Konu<br \/>\n    <span class=\"wpcf7-form-control-wrap your-subject\"><input type=\"text\" name=\"your-subject\" value=\"\" size=\"40\" class=\"wpcf7-form-control wpcf7-text\" aria-invalid=\"false\" \/><\/span> <\/label><\/p>\n<p><label> \u0130letiniz<br \/>\n    <span class=\"wpcf7-form-control-wrap your-message\"><textarea name=\"your-message\" cols=\"40\" rows=\"10\" class=\"wpcf7-form-control wpcf7-textarea\" aria-invalid=\"false\"><\/textarea><\/span> <\/label><\/p>\n<p><input type=\"submit\" value=\"G\u00f6nder\" class=\"wpcf7-form-control wpcf7-submit\" \/><\/p>\n<div class=\"wpcf7-response-output wpcf7-display-none\"><\/div><\/form><\/div>\n","protected":false},"excerpt":{"rendered":"<p>\u00c7ERKEZK\u00d6Y Y\u0131ld\u0131r\u0131m Beyaz\u0131t Mahallesi Barbaros Caddesi No:64 \u00c7ERKEZK\u00d6Y \/ TEK\u0130RDA\u011e Tel:\u00a00282 725 1 444 Faks:0282 725 11 17 info@birlesimendustri.com.tr GEBZE Gaziler Mh. \u0130brahim A\u011fa Cad. No:253\/A GEBZE \/ KOCAEL\u0130 Tel: 0262 644 07 53 Faks: 0262 644 04 77 info@birlesimendustri.com.tr \u0130K\u0130TELL\u0130 \u0130kitelli Organize Sanayi B\u00f6lgesi Bedrettin Dalan Bulvar\u0131 \u00dczeri V\u0130P Plaza No:9 \u0130kitelli BA\u015eAK\u015eEH\u0130R \/ [&hellip;]<\/p>\n","protected":false},"author":1,"featured_media":0,"parent":0,"menu_order":5,"comment_status":"closed","ping_status":"closed","template":"tamsayfa.php","meta":[],"_links":{"self":[{"href":"https:\/\/www.birlesimendustri.com.tr\/index.php?rest_route=\/wp\/v2\/pages\/26"}],"collection":[{"href":"https:\/\/www.birlesimendustri.com.tr\/index.php?rest_route=\/wp\/v2\/pages"}],"about":[{"href":"https:\/\/www.birlesimendustri.com.tr\/index.php?rest_route=\/wp\/v2\/types\/page"}],"author":[{"embeddable":true,"href":"https:\/\/www.birlesimendustri.com.tr\/index.php?rest_route=\/wp\/v2\/users\/1"}],"replies":[{"embeddable":true,"href":"https:\/\/www.birlesimendustri.com.tr\/index.php?rest_route=%2Fwp%2Fv2%2Fcomments&post=26"}],"version-history":[{"count":32,"href":"https:\/\/www.birlesimendustri.com.tr\/index.php?rest_route=\/wp\/v2\/pages\/26\/revisions"}],"predecessor-version":[{"id":464,"href":"https:\/\/www.birlesimendustri.com.tr\/index.php?rest_route=\/wp\/v2\/pages\/26\/revisions\/464"}],"wp:attachment":[{"href":"https:\/\/www.birlesimendustri.com.tr\/index.php?rest_route=%2Fwp%2Fv2%2Fmedia&parent=26"}],"curies":[{"name":"wp","href":"https:\/\/api.w.org\/{rel}","templated":true}]}}