{"id":22,"date":"2018-12-21T09:16:51","date_gmt":"2018-12-21T09:16:51","guid":{"rendered":"http:\/\/www.birlesimendustri.com.tr\/?page_id=22"},"modified":"2019-01-16T07:25:41","modified_gmt":"2019-01-16T07:25:41","slug":"katma-degerlerimiz","status":"publish","type":"page","link":"https:\/\/www.birlesimendustri.com.tr\/?page_id=22","title":{"rendered":"Katma De\u011ferlerimiz"},"content":{"rendered":"<p><strong>E-T\u0130CARET<\/strong><\/p>\n<p>\u0130\u015f ortaklar\u0131m\u0131z\u0131n digital kanallar \u00fczerinden rahatl\u0131kla ula\u015fabilecekleri bir e-ticaret a\u011f\u0131 i\u015fletiyoruz. Sadece belirli bir alanda de\u011fil her yerde partnerlerimizle olmay\u0131 hedefliyoruz.<\/p>\n<ul>\n<li>\u00d6zel kampanyalar<\/li>\n<li>Sipari\u015f olu\u015fturma<\/li>\n<li>Stok takibi ve \u00f6zel fiyat g\u00f6r\u00fcnt\u00fcleme<\/li>\n<li>Detayl\u0131 \u00fcr\u00fcn \u00f6zellikleri<\/li>\n<li>Finansal durum takibi<\/li>\n<li>Cari hesap takibi<\/li>\n<li>Lojistik<\/li>\n<li>\u00c7e\u015fitlilik<\/li>\n<\/ul>\n<p><strong>\u00a0<\/strong><\/p>\n<p><strong>SATI\u015e SONRASI DESTEK<\/strong><\/p>\n<p>Sat\u0131\u015f sonras\u0131 hizmet sunabilmek i\u00e7in birinci hedefimiz payda\u015flar\u0131m\u0131z\u0131n sorunlar\u0131n\u0131 anlamak. Bu do\u011frultuda h\u0131zl\u0131, pratik ve s\u00fcrd\u00fcr\u00fclebilir \u00e7\u00f6z\u00fcmler sunmak.<\/p>\n<ul>\n<li>Ula\u015f\u0131labilirlik<\/li>\n<li>Sat\u0131\u015f sonras\u0131 \u00fcr\u00fcn takibi<\/li>\n<li>\u00dcr\u00fcn \u015fikayet prosed\u00fcr\u00fc<\/li>\n<li>Tamir ve bak\u0131m hizmetleri<\/li>\n<\/ul>\n<p><strong>\u00a0 <\/strong><\/p>\n<p><strong>LOJ\u0130ST\u0130K<\/strong><\/p>\n<p>Lojistik kapasitemiz ve \u00e7\u00f6z\u00fcm odakl\u0131 duru\u015fumuz ile T\u00fcrkiye\u2019nin her yerine, sorunsuz ve h\u0131zl\u0131 ula\u015f\u0131m sa\u011flayan lojistik alt yap\u0131s\u0131na sahibiz.<\/p>\n<ul>\n<li>Etkin stok y\u00f6netimi<\/li>\n<li>Farkl\u0131 lokasyonlarda depolama alanlar\u0131<\/li>\n<li>Geni\u015f sevkiyat a\u011f\u0131<\/li>\n<li>D\u00fczenli ve h\u0131zl\u0131 sevkiyat<\/li>\n<li>Anla\u015fmal\u0131 kargo \u015firketleri ile da\u011f\u0131t\u0131m<\/li>\n<\/ul>\n","protected":false},"excerpt":{"rendered":"<p>E-T\u0130CARET \u0130\u015f ortaklar\u0131m\u0131z\u0131n digital kanallar \u00fczerinden rahatl\u0131kla ula\u015fabilecekleri bir e-ticaret a\u011f\u0131 i\u015fletiyoruz. Sadece belirli bir alanda de\u011fil her yerde partnerlerimizle olmay\u0131 hedefliyoruz. \u00d6zel kampanyalar Sipari\u015f olu\u015fturma Stok takibi ve \u00f6zel fiyat g\u00f6r\u00fcnt\u00fcleme Detayl\u0131 \u00fcr\u00fcn \u00f6zellikleri Finansal durum takibi Cari hesap takibi Lojistik \u00c7e\u015fitlilik \u00a0 SATI\u015e SONRASI DESTEK Sat\u0131\u015f sonras\u0131 hizmet sunabilmek i\u00e7in birinci hedefimiz payda\u015flar\u0131m\u0131z\u0131n [&hellip;]<\/p>\n","protected":false},"author":1,"featured_media":0,"parent":15,"menu_order":7,"comment_status":"closed","ping_status":"closed","template":"","meta":[],"_links":{"self":[{"href":"https:\/\/www.birlesimendustri.com.tr\/index.php?rest_route=\/wp\/v2\/pages\/22"}],"collection":[{"href":"https:\/\/www.birlesimendustri.com.tr\/index.php?rest_route=\/wp\/v2\/pages"}],"about":[{"href":"https:\/\/www.birlesimendustri.com.tr\/index.php?rest_route=\/wp\/v2\/types\/page"}],"author":[{"embeddable":true,"href":"https:\/\/www.birlesimendustri.com.tr\/index.php?rest_route=\/wp\/v2\/users\/1"}],"replies":[{"embeddable":true,"href":"https:\/\/www.birlesimendustri.com.tr\/index.php?rest_route=%2Fwp%2Fv2%2Fcomments&post=22"}],"version-history":[{"count":5,"href":"https:\/\/www.birlesimendustri.com.tr\/index.php?rest_route=\/wp\/v2\/pages\/22\/revisions"}],"predecessor-version":[{"id":372,"href":"https:\/\/www.birlesimendustri.com.tr\/index.php?rest_route=\/wp\/v2\/pages\/22\/revisions\/372"}],"up":[{"embeddable":true,"href":"https:\/\/www.birlesimendustri.com.tr\/index.php?rest_route=\/wp\/v2\/pages\/15"}],"wp:attachment":[{"href":"https:\/\/www.birlesimendustri.com.tr\/index.php?rest_route=%2Fwp%2Fv2%2Fmedia&parent=22"}],"curies":[{"name":"wp","href":"https:\/\/api.w.org\/{rel}","templated":true}]}}