{"id":212,"date":"2019-01-14T13:01:03","date_gmt":"2019-01-14T13:01:03","guid":{"rendered":"http:\/\/www.birlesimendustri.com.tr\/?page_id=212"},"modified":"2023-10-17T19:56:01","modified_gmt":"2023-10-17T19:56:01","slug":"departmanlarimiz","status":"publish","type":"page","link":"https:\/\/www.birlesimendustri.com.tr\/?page_id=212","title":{"rendered":"Departmanlar\u0131m\u0131z"},"content":{"rendered":"<p><em><strong>\u00c7ERKEZK\u00d6Y MERKEZ \u015eUBE ;<\/strong><\/em><\/p>\n<p>&nbsp;<\/p>\n<p><em><strong>\u015eube Koordinat\u00f6r\u00fc<\/strong><\/em><\/p>\n<p>Tunca YILDIRIM\u00a0 \u00a0 \u00a0 \u00a0 \u00a0 \u00a0 \u00a0 \u00a0 \u00a0 \u00a0 \u00a0 \u00a0 \u00a0 \u00a0 \u00a0tunca.yildirim@birlesimendustri.com.tr<\/p>\n<p><strong><br \/>\n<em>\u0130dari \u0130\u015fler<\/em><\/strong><\/p>\n<p>Meral SUNGUR\u00a0\u00a0\u00a0\u00a0\u00a0\u00a0\u00a0\u00a0\u00a0\u00a0\u00a0\u00a0\u00a0\u00a0\u00a0\u00a0\u00a0\u00a0\u00a0\u00a0\u00a0\u00a0\u00a0\u00a0\u00a0\u00a0\u00a0\u00a0\u00a0\u00a0\u00a0 <u><a href=\"mailto:meral.sungur@%20birlesimendustri.com.tr\">meral.sungur@ birlesimendustri.com.tr<\/a><\/u><\/p>\n<p><strong><br \/>\n<em>Muhasebe<\/em><\/strong><\/p>\n<p>&nbsp;<\/p>\n<p><strong><br \/>\n<em>Sat\u0131\u015f &#8211; Pazarlama<\/em><\/strong><\/p>\n<p>Murat \u00d6ZYA\u011eCILAR\u00a0 \u00a0 \u00a0 \u00a0 \u00a0 \u00a0 \u00a0 \u00a0 \u00a0 \u00a0 \u00a0murat.ozyagcilar@birlesimendustri.com.tr<\/p>\n<p>Merve YA\u011eLI\u00a0 \u00a0 \u00a0 \u00a0 \u00a0 \u00a0 \u00a0 \u00a0 \u00a0 \u00a0 \u00a0 \u00a0 \u00a0 \u00a0 \u00a0 \u00a0 \u00a0 \u00a0merve.yagli@birlesimendustri.com.tr<\/p>\n<p>Yusuf G\u00d6KG\u00d6Z \u00a0\u00a0 \u00a0\u00a0 \u00a0\u00a0 \u00a0\u00a0 \u00a0\u00a0 \u00a0\u00a0 \u00a0\u00a0 \u00a0\u00a0 \u00a0\u00a0 \u00a0\u00a0 <a href=\"mailto:yusuf.gokgoz@birlesimendustri.com.tr\">yusuf.gokgoz@birlesimendustri.com.tr<\/a><\/p>\n<p>Esra ALICI\u00a0 \u00a0 \u00a0 \u00a0 \u00a0 \u00a0 \u00a0 \u00a0 \u00a0 \u00a0 \u00a0 \u00a0 \u00a0 \u00a0 \u00a0 \u00a0 \u00a0 \u00a0 \u00a0 \u00a0esra.alici@birlesimendustri.com.tr<\/p>\n<p>&nbsp;<\/p>\n<p>&nbsp;<\/p>\n<p><em><strong>GEBZE \u015eUBE ;<\/strong><\/em><\/p>\n<p>&nbsp;<\/p>\n<p><em><strong>\u015eube Koordinat\u00f6r\u00fc<\/strong><\/em><\/p>\n<p>Serkan YILDIZ\u00a0 \u00a0 \u00a0 \u00a0 \u00a0 \u00a0 \u00a0 \u00a0 \u00a0 \u00a0 \u00a0 \u00a0 \u00a0 \u00a0 \u00a0serkan.yildiz@birlesimendustri.com.tr<\/p>\n<p>&nbsp;<\/p>\n<p><strong><em>Sat\u0131\u015f &#8211; Pazarlama<\/em>\u00a0\u00a0\u00a0\u00a0\u00a0\u00a0\u00a0\u00a0\u00a0\u00a0\u00a0\u00a0\u00a0\u00a0\u00a0\u00a0\u00a0\u00a0\u00a0\u00a0\u00a0\u00a0\u00a0\u00a0\u00a0\u00a0\u00a0\u00a0\u00a0\u00a0\u00a0\u00a0\u00a0\u00a0\u00a0\u00a0\u00a0\u00a0\u00a0\u00a0\u00a0\u00a0\u00a0 <\/strong><\/p>\n<p>Murat AKBULUT\u00a0 \u00a0 \u00a0 \u00a0 \u00a0 \u00a0 \u00a0 \u00a0 \u00a0 \u00a0 \u00a0 \u00a0 murat.akbulut@birlesimendustri.com.tr<\/p>\n<p>P\u0131nar DURAN \u015eAN\u00a0 \u00a0 \u00a0 \u00a0 \u00a0 \u00a0 \u00a0 \u00a0 \u00a0 \u00a0 \u00a0pinar.duran@birlesimendustri.com.tr<\/p>\n<p>O\u011fuz SER\u0130N\u00a0 \u00a0 \u00a0 \u00a0 \u00a0 \u00a0 \u00a0 \u00a0 \u00a0 \u00a0 \u00a0 \u00a0 \u00a0 \u00a0 \u00a0 \u00a0 \u00a0oguz.serin@birlesimendustri.com.tr<\/p>\n<p>Esra TERZ\u0130\u00a0 \u00a0 \u00a0 \u00a0 \u00a0 \u00a0 \u00a0 \u00a0 \u00a0 \u00a0 \u00a0 \u00a0 \u00a0 \u00a0 \u00a0 \u00a0 \u00a0 \u00a0esra.terzi@birlesimendustri.com.tr<\/p>\n<p>&nbsp;<\/p>\n<p><em><strong>\u0130K\u0130TELL\u0130 \u015eUBE ;<\/strong><\/em><\/p>\n<p>&nbsp;<\/p>\n<p><em><strong>\u015eube Koordinat\u00f6r\u00fc<\/strong><\/em><\/p>\n<p>H\u00fcseyin SARI\u00a0 \u00a0 \u00a0 \u00a0 \u00a0 \u00a0 \u00a0 \u00a0 \u00a0 \u00a0 \u00a0 \u00a0 \u00a0 \u00a0 \u00a0 \u00a0 \u00a0 \u00a0 huseyin.sari@birlesimendustri.com.tr<\/p>\n<p>&nbsp;<\/p>\n<p><strong><em>Sat\u0131\u015f &#8211; Pazarlama\u00a0<\/em>\u00a0<\/strong><\/p>\n<p>Murat \u00d6ZSOY\u00a0 \u00a0 \u00a0 \u00a0 \u00a0 \u00a0 \u00a0 \u00a0 \u00a0 \u00a0 \u00a0 \u00a0 \u00a0 \u00a0 \u00a0 \u00a0 \u00a0 \u00a0 murat.ozsoy@birlesimendustri.com.tr<\/p>\n<p>Yaren A\u00c7ILAN G\u00dcRLER\u00a0 \u00a0 \u00a0 \u00a0 \u00a0 \u00a0 \u00a0 \u00a0 yaren.acilan@birlesimendustri.com.tr<\/p>\n<p>Silan \u0130SKENDER\u00a0 \u00a0 \u00a0 \u00a0 \u00a0 \u00a0 \u00a0 \u00a0 \u00a0 \u00a0 \u00a0 \u00a0 \u00a0 \u00a0 \u00a0 silan.iskender@birlesimendustri.com.tr<\/p>\n<p>&nbsp;<\/p>\n<p><em><strong>SAKARYA \u015eUBE ;<\/strong><\/em><\/p>\n<p><em><strong>\u015eube Koordinat\u00f6r\u00fc<\/strong><\/em><\/p>\n<p>Ufuk A\u015e\u0130T\u00a0 \u00a0 \u00a0 \u00a0 \u00a0 \u00a0 \u00a0 \u00a0 \u00a0 \u00a0 \u00a0 \u00a0 \u00a0 \u00a0 \u00a0 \u00a0 \u00a0 \u00a0 \u00a0 \u00a0 ufuk.asit@birlesimendustri.com.tr<\/p>\n<p>&nbsp;<\/p>\n<p><em><strong>Sat\u0131\u015f &#8211; Pazarlama<\/strong><\/em><\/p>\n<p style=\"text-align: left;\">Batuhan G\u00dcLBAY\u00a0 \u00a0 \u00a0 \u00a0 \u00a0 \u00a0 \u00a0 \u00a0 \u00a0 \u00a0 \u00a0 \u00a0 \u00a0 batuhan.gulbay@birlesimendustri.com.tr<\/p>\n<p style=\"text-align: left;\">Mustafa DEM\u0130R\u00a0 \u00a0 \u00a0 \u00a0 \u00a0 \u00a0 \u00a0 \u00a0 \u00a0 \u00a0 \u00a0 \u00a0 \u00a0 \u00a0 \u00a0mustafa.demir@birlesimendustri.com.tr<\/p>\n<p style=\"text-align: left;\">Melda \u0130NA\u00c7\u00a0 \u00a0 \u00a0 \u00a0 \u00a0 \u00a0 \u00a0 \u00a0 \u00a0 \u00a0 \u00a0 \u00a0 \u00a0 \u00a0 \u00a0 \u00a0 \u00a0 \u00a0 melda.inac@birlesimendustri.com.tr<\/p>\n<p style=\"text-align: left;\">Samet D\u0130N\u00c7\u00a0 \u00a0 \u00a0 \u00a0 \u00a0 \u00a0 \u00a0 \u00a0 \u00a0 \u00a0 \u00a0 \u00a0 \u00a0 \u00a0 \u00a0 \u00a0 \u00a0 \u00a0 samet.dinc@birlesimendustri.com.tr<\/p>\n<p>&nbsp;<\/p>\n<p>&nbsp;<\/p>\n<p>&nbsp;<\/p>\n<p>&nbsp;<\/p>\n","protected":false},"excerpt":{"rendered":"<p>\u00c7ERKEZK\u00d6Y MERKEZ \u015eUBE ; &nbsp; \u015eube Koordinat\u00f6r\u00fc Tunca YILDIRIM\u00a0 \u00a0 \u00a0 \u00a0 \u00a0 \u00a0 \u00a0 \u00a0 \u00a0 \u00a0 \u00a0 \u00a0 \u00a0 \u00a0 \u00a0tunca.yildirim@birlesimendustri.com.tr \u0130dari \u0130\u015fler Meral SUNGUR\u00a0\u00a0\u00a0\u00a0\u00a0\u00a0\u00a0\u00a0\u00a0\u00a0\u00a0\u00a0\u00a0\u00a0\u00a0\u00a0\u00a0\u00a0\u00a0\u00a0\u00a0\u00a0\u00a0\u00a0\u00a0\u00a0\u00a0\u00a0\u00a0\u00a0\u00a0 meral.sungur@ birlesimendustri.com.tr Muhasebe &nbsp; Sat\u0131\u015f &#8211; Pazarlama Murat \u00d6ZYA\u011eCILAR\u00a0 \u00a0 \u00a0 \u00a0 \u00a0 \u00a0 \u00a0 \u00a0 \u00a0 \u00a0 \u00a0murat.ozyagcilar@birlesimendustri.com.tr Merve YA\u011eLI\u00a0 \u00a0 \u00a0 \u00a0 \u00a0 \u00a0 \u00a0 \u00a0 [&hellip;]<\/p>\n","protected":false},"author":1,"featured_media":0,"parent":0,"menu_order":3,"comment_status":"closed","ping_status":"closed","template":"","meta":[],"_links":{"self":[{"href":"https:\/\/www.birlesimendustri.com.tr\/index.php?rest_route=\/wp\/v2\/pages\/212"}],"collection":[{"href":"https:\/\/www.birlesimendustri.com.tr\/index.php?rest_route=\/wp\/v2\/pages"}],"about":[{"href":"https:\/\/www.birlesimendustri.com.tr\/index.php?rest_route=\/wp\/v2\/types\/page"}],"author":[{"embeddable":true,"href":"https:\/\/www.birlesimendustri.com.tr\/index.php?rest_route=\/wp\/v2\/users\/1"}],"replies":[{"embeddable":true,"href":"https:\/\/www.birlesimendustri.com.tr\/index.php?rest_route=%2Fwp%2Fv2%2Fcomments&post=212"}],"version-history":[{"count":35,"href":"https:\/\/www.birlesimendustri.com.tr\/index.php?rest_route=\/wp\/v2\/pages\/212\/revisions"}],"predecessor-version":[{"id":469,"href":"https:\/\/www.birlesimendustri.com.tr\/index.php?rest_route=\/wp\/v2\/pages\/212\/revisions\/469"}],"wp:attachment":[{"href":"https:\/\/www.birlesimendustri.com.tr\/index.php?rest_route=%2Fwp%2Fv2%2Fmedia&parent=212"}],"curies":[{"name":"wp","href":"https:\/\/api.w.org\/{rel}","templated":true}]}}