{"id":19,"date":"2018-12-21T09:01:38","date_gmt":"2018-12-21T09:01:38","guid":{"rendered":"http:\/\/www.birlesimendustri.com.tr\/?page_id=19"},"modified":"2019-01-16T12:59:23","modified_gmt":"2019-01-16T12:59:23","slug":"misyon-vizyon","status":"publish","type":"page","link":"https:\/\/www.birlesimendustri.com.tr\/?page_id=19","title":{"rendered":"Misyon &#038; Vizyon"},"content":{"rendered":"<p><strong><u>V\u0130ZYONUMUZ;<\/u><\/strong><\/p>\n<p>Kuruldu\u011fumuz g\u00fcnden bug\u00fcne; katma de\u011fer yaratt\u0131\u011f\u0131m\u0131z \u00fcr\u00fcnlerle, distrib\u00fct\u00f6rl\u00fc\u011f\u00fcn\u00fc ve bayili\u011fini \u00fcstlendi\u011fimiz \u00f6nc\u00fc markalarla tedarik\u00e7i ve i\u015f ortaklar\u0131m\u0131za optimum fayda sa\u011flamak. End\u00fcstriyel sekt\u00f6rlerde yurt i\u00e7i ve uluslararas\u0131 pazarlardaki pay\u0131m\u0131z\u0131 artt\u0131rmak ve \u00fclke ekonomisine maksimum katk\u0131 sa\u011flamay\u0131 ama\u00e7lamak.<\/p>\n<p>&nbsp;<\/p>\n<p><strong><u>M\u0130SYONUMUZ;<\/u><\/strong><\/p>\n<p>Vizyonumuzu daha ileriye ta\u015f\u0131mak i\u00e7in, D\u00fcnya\u2019da ve T\u00fcrkiye\u2019de kendini kan\u0131tlam\u0131\u015f marka ve \u00fcr\u00fcn \u00e7e\u015fitlili\u011fiyle, payda\u015flar\u0131m\u0131z\u0131n taleplerini daha h\u0131zl\u0131 kar\u015f\u0131layacak alt yap\u0131m\u0131z ile y\u00fcksek fayda ve fiyat avantaj\u0131, sat\u0131\u015f sonras\u0131 destek ve s\u00fcrekli kendimizi iyile\u015ftirme \u00e7abam\u0131zla sekt\u00f6r\u00fcn en iyisi olmak.<\/p>\n","protected":false},"excerpt":{"rendered":"<p>V\u0130ZYONUMUZ; Kuruldu\u011fumuz g\u00fcnden bug\u00fcne; katma de\u011fer yaratt\u0131\u011f\u0131m\u0131z \u00fcr\u00fcnlerle, distrib\u00fct\u00f6rl\u00fc\u011f\u00fcn\u00fc ve bayili\u011fini \u00fcstlendi\u011fimiz \u00f6nc\u00fc markalarla tedarik\u00e7i ve i\u015f ortaklar\u0131m\u0131za optimum fayda sa\u011flamak. End\u00fcstriyel sekt\u00f6rlerde yurt i\u00e7i ve uluslararas\u0131 pazarlardaki pay\u0131m\u0131z\u0131 artt\u0131rmak ve \u00fclke ekonomisine maksimum katk\u0131 sa\u011flamay\u0131 ama\u00e7lamak. &nbsp; M\u0130SYONUMUZ; Vizyonumuzu daha ileriye ta\u015f\u0131mak i\u00e7in, D\u00fcnya\u2019da ve T\u00fcrkiye\u2019de kendini kan\u0131tlam\u0131\u015f marka ve \u00fcr\u00fcn \u00e7e\u015fitlili\u011fiyle, payda\u015flar\u0131m\u0131z\u0131n taleplerini [&hellip;]<\/p>\n","protected":false},"author":1,"featured_media":0,"parent":15,"menu_order":9,"comment_status":"closed","ping_status":"closed","template":"","meta":[],"_links":{"self":[{"href":"https:\/\/www.birlesimendustri.com.tr\/index.php?rest_route=\/wp\/v2\/pages\/19"}],"collection":[{"href":"https:\/\/www.birlesimendustri.com.tr\/index.php?rest_route=\/wp\/v2\/pages"}],"about":[{"href":"https:\/\/www.birlesimendustri.com.tr\/index.php?rest_route=\/wp\/v2\/types\/page"}],"author":[{"embeddable":true,"href":"https:\/\/www.birlesimendustri.com.tr\/index.php?rest_route=\/wp\/v2\/users\/1"}],"replies":[{"embeddable":true,"href":"https:\/\/www.birlesimendustri.com.tr\/index.php?rest_route=%2Fwp%2Fv2%2Fcomments&post=19"}],"version-history":[{"count":7,"href":"https:\/\/www.birlesimendustri.com.tr\/index.php?rest_route=\/wp\/v2\/pages\/19\/revisions"}],"predecessor-version":[{"id":377,"href":"https:\/\/www.birlesimendustri.com.tr\/index.php?rest_route=\/wp\/v2\/pages\/19\/revisions\/377"}],"up":[{"embeddable":true,"href":"https:\/\/www.birlesimendustri.com.tr\/index.php?rest_route=\/wp\/v2\/pages\/15"}],"wp:attachment":[{"href":"https:\/\/www.birlesimendustri.com.tr\/index.php?rest_route=%2Fwp%2Fv2%2Fmedia&parent=19"}],"curies":[{"name":"wp","href":"https:\/\/api.w.org\/{rel}","templated":true}]}}